{"id":11,"date":"2020-08-03T16:56:37","date_gmt":"2020-08-03T19:56:37","guid":{"rendered":"http:\/\/brasileirodigital.com.br\/?page_id=11"},"modified":"2023-01-25T22:37:33","modified_gmt":"2023-01-26T01:37:33","slug":"marketing-digital-balneario-camboriu","status":"publish","type":"page","link":"https:\/\/brasileirodigital.com.br\/","title":{"rendered":"Brasileiro \u00c9Digital | Marketing &#038; Digital | Balne\u00e1rio Cambori\u00fa"},"content":{"rendered":"\t\t<div data-elementor-type=\"wp-page\" data-elementor-id=\"11\" class=\"elementor elementor-11\" data-elementor-settings=\"[]\">\n\t\t\t<div class=\"elementor-inner\">\n\t\t\t\t<div class=\"elementor-section-wrap\">\n\t\t\t\t\t\t\t<section data-particle_enable=\"true\" class=\"eael-section-particles-394629f7 elementor-element elementor-element-394629f7 elementor-section-content-middle elementor-reverse-tablet elementor-reverse-mobile elementor-section-boxed elementor-section-height-default elementor-section-height-default elementor-section elementor-top-section\" data-eael_ptheme_source=\"presets\" data-preset_theme=\"default\" data-custom_style=\"\" data-particle-mobile-disabled=\"false\" data-id=\"394629f7\" data-element_type=\"section\">\n\t\t\t\t\t\t<div class=\"elementor-container elementor-column-gap-no\">\n\t\t\t\t<div class=\"elementor-row\">\n\t\t\t\t<div class=\"elementor-element elementor-element-9f48df1 elementor-column elementor-col-100 elementor-top-column\" data-id=\"9f48df1\" data-element_type=\"column\">\n\t\t\t<div class=\"elementor-column-wrap  elementor-element-populated\">\n\t\t\t\t\t<div class=\"elementor-widget-wrap\">\n\t\t\t\t<div class=\"elementor-element elementor-element-59dd8679 elementor-widget elementor-widget-heading\" data-id=\"59dd8679\" data-element_type=\"widget\" data-widget_type=\"heading.default\">\n\t\t\t\t<div class=\"elementor-widget-container\">\n\t\t\t<h3 class=\"elementor-heading-title elementor-size-default\"><b>Precisa<\/b> de ajuda para <b>comunicar<\/b> o servi\u00e7o\/produto <b>que<\/b> voc\u00ea <b>vende<\/b>?<\/h3>\t\t<\/div>\n\t\t\t\t<\/div>\n\t\t\t\t\t\t<\/div>\n\t\t\t<\/div>\n\t\t<\/div>\n\t\t\t\t\t\t<\/div>\n\t\t\t<\/div>\n\t\t<\/section>\n\t\t            <style>\n                .elementor-element-394629f7.eael-particles-section > canvas{\n                    z-index: -1;\n                    position: absolute;\n                    top:0;\n                }\n            <\/style>\n            \t\t\n\t\t\t<script>\t\n\t\t\t\t(function($) {\n                    \"use strict\";\n                    \n                    var target = $('.elementor-element-394629f7');\n                    \n                                            \n                    var EaelParallaxElement = {\n                        \n\t\t\t\t\t\tinit: function() {\n\t\t\t\t\t\t\telementorFrontend.hooks.addAction('frontend\/element_ready\/global', EaelParallaxElement.initWidget);\n\t\t\t\t\t\t},\n                        responsiveParallax: function(){\n                            var android = 0,\n                                ios = 0;\n                            switch( true || 1 ){\n                                case android && ios:\n                                    return \/iPad|iPhone|iPod|Android\/;\n                                    break;\n                                case android && ! ios:\n                                    return \/Android\/;\n                                    break;\n                                case ! android && ios:\n                                    return \/iPad|iPhone|iPod\/;\n                                    break;\n                                case ( ! android && ! ios ): \n                                    return null;\n                            }\n                        },\n\t\t\t\t\t\tinitWidget: function( $scope ) {\n                            \n\t\t\t\t\t\t\ttarget.jarallax({\n\t\t\t\t\t\t\t\ttype: 'scroll-opacity',\n\t\t\t\t\t\t\t\tspeed: 0.5,\n\t\t\t\t\t\t\t\tkeepImg: true,\n                                disableParallax: EaelParallaxElement.responsiveParallax(),\n\t\t\t\t\t\t\t});\n\t\t\t\t\t\t}\n                        \n\t\t\t\t\t};\n                    \n\t\t\t\t\t$( window ).on('elementor\/frontend\/init', EaelParallaxElement.init);\n                    \n                    \t\t\t\t}( jQuery ) );\n\t\t\t<\/script>\n\t\t\t\t<section data-particle_enable=\"false\" data-particle-mobile-disabled=\"false\" class=\"elementor-element elementor-element-2788a26b elementor-section-full_width elementor-section-height-default elementor-section-height-default elementor-section elementor-top-section\" data-id=\"2788a26b\" data-element_type=\"section\" id=\"next\">\n\t\t\t\t\t\t<div class=\"elementor-container elementor-column-gap-no\">\n\t\t\t\t<div class=\"elementor-row\">\n\t\t\t\t<div class=\"elementor-element elementor-element-3ebb41f4 elementor-column elementor-col-100 elementor-top-column\" data-id=\"3ebb41f4\" data-element_type=\"column\">\n\t\t\t<div class=\"elementor-column-wrap  elementor-element-populated\">\n\t\t\t\t\t<div class=\"elementor-widget-wrap\">\n\t\t\t\t<div class=\"elementor-element elementor-element-973e7bf elementor-widget elementor-widget-heading\" data-id=\"973e7bf\" data-element_type=\"widget\" data-widget_type=\"heading.default\">\n\t\t\t\t<div class=\"elementor-widget-container\">\n\t\t\t<p class=\"elementor-heading-title elementor-size-default\">Servi\u00e7os que oferecemos:<\/p>\t\t<\/div>\n\t\t\t\t<\/div>\n\t\t\t\t<div class=\"elementor-element elementor-element-8b38e39 elementor-widget elementor-widget-toggle\" data-id=\"8b38e39\" data-element_type=\"widget\" data-widget_type=\"toggle.default\">\n\t\t\t\t<div class=\"elementor-widget-container\">\n\t\t\t\t\t<div class=\"elementor-toggle\" role=\"tablist\">\n\t\t\t\t\t\t\t<div class=\"elementor-toggle-item\">\n\t\t\t\t\t<div id=\"elementor-tab-title-1451\" class=\"elementor-tab-title\" data-tab=\"1\" role=\"tab\" aria-controls=\"elementor-tab-content-1451\">\n\t\t\t\t\t\t\t\t\t\t\t\t<span class=\"elementor-toggle-icon elementor-toggle-icon-left\" aria-hidden=\"true\">\n\t\t\t\t\t\t\t\t\t\t\t\t\t\t\t<span class=\"elementor-toggle-icon-closed\"><i class=\"fas fa-caret-right\"><\/i><\/span>\n\t\t\t\t\t\t\t\t<span class=\"elementor-toggle-icon-opened\"><i class=\"elementor-toggle-icon-opened fas fa-caret-up\"><\/i><\/span>\n\t\t\t\t\t\t\t\t\t\t\t\t\t<\/span>\n\t\t\t\t\t\t\t\t\t\t\t\t<a href=\"\">#1<\/a>\n\t\t\t\t\t<\/div>\n\t\t\t\t\t<div id=\"elementor-tab-content-1451\" class=\"elementor-tab-content elementor-clearfix\" data-tab=\"1\" role=\"tabpanel\" aria-labelledby=\"elementor-tab-title-1451\"><p>Contrate nossos servi\u00e7os de <strong>Identidade<\/strong> <strong>Digital<\/strong> &amp; <strong>Conte\u00fado <\/strong>para<strong> m\u00eddias sociais. <\/strong>Fale Conosco.<\/p><\/div>\n\t\t\t\t<\/div>\n\t\t\t\t\t\t\t<div class=\"elementor-toggle-item\">\n\t\t\t\t\t<div id=\"elementor-tab-title-1452\" class=\"elementor-tab-title\" data-tab=\"2\" role=\"tab\" aria-controls=\"elementor-tab-content-1452\">\n\t\t\t\t\t\t\t\t\t\t\t\t<span class=\"elementor-toggle-icon elementor-toggle-icon-left\" aria-hidden=\"true\">\n\t\t\t\t\t\t\t\t\t\t\t\t\t\t\t<span class=\"elementor-toggle-icon-closed\"><i class=\"fas fa-caret-right\"><\/i><\/span>\n\t\t\t\t\t\t\t\t<span class=\"elementor-toggle-icon-opened\"><i class=\"elementor-toggle-icon-opened fas fa-caret-up\"><\/i><\/span>\n\t\t\t\t\t\t\t\t\t\t\t\t\t<\/span>\n\t\t\t\t\t\t\t\t\t\t\t\t<a href=\"\">#2<\/a>\n\t\t\t\t\t<\/div>\n\t\t\t\t\t<div id=\"elementor-tab-content-1452\" class=\"elementor-tab-content elementor-clearfix\" data-tab=\"2\" role=\"tabpanel\" aria-labelledby=\"elementor-tab-title-1452\"><p>Contrate nosso servi\u00e7o de desenvolvimento digital de <strong>produto f\u00edsico e an\u00fancios na internet.<\/strong> <a href=\"https:\/\/bit.ly\/brasileirismos\">Fale conosco<\/a>.<\/p><\/div>\n\t\t\t\t<\/div>\n\t\t\t\t\t\t\t<div class=\"elementor-toggle-item\">\n\t\t\t\t\t<div id=\"elementor-tab-title-1453\" class=\"elementor-tab-title\" data-tab=\"3\" role=\"tab\" aria-controls=\"elementor-tab-content-1453\">\n\t\t\t\t\t\t\t\t\t\t\t\t<span class=\"elementor-toggle-icon elementor-toggle-icon-left\" aria-hidden=\"true\">\n\t\t\t\t\t\t\t\t\t\t\t\t\t\t\t<span class=\"elementor-toggle-icon-closed\"><i class=\"fas fa-caret-right\"><\/i><\/span>\n\t\t\t\t\t\t\t\t<span class=\"elementor-toggle-icon-opened\"><i class=\"elementor-toggle-icon-opened fas fa-caret-up\"><\/i><\/span>\n\t\t\t\t\t\t\t\t\t\t\t\t\t<\/span>\n\t\t\t\t\t\t\t\t\t\t\t\t<a href=\"\">#3<\/a>\n\t\t\t\t\t<\/div>\n\t\t\t\t\t<div id=\"elementor-tab-content-1453\" class=\"elementor-tab-content elementor-clearfix\" data-tab=\"3\" role=\"tabpanel\" aria-labelledby=\"elementor-tab-title-1453\"><p>Contrate nosso servi\u00e7o de suporte para suas demandas de marketing e venda para seu neg\u00f3cio local. <a href=\"https:\/\/bit.ly\/brasileirismos\">Fale conosco<\/a>.<\/p><\/div>\n\t\t\t\t<\/div>\n\t\t\t\t\t<\/div>\n\t\t\t\t<\/div>\n\t\t\t\t<\/div>\n\t\t\t\t\t\t<\/div>\n\t\t\t<\/div>\n\t\t<\/div>\n\t\t\t\t\t\t<\/div>\n\t\t\t<\/div>\n\t\t<\/section>\n\t\t\t\t<section data-particle_enable=\"false\" data-particle-mobile-disabled=\"false\" class=\"elementor-element elementor-element-22d19db elementor-section-boxed elementor-section-height-default elementor-section-height-default elementor-section elementor-top-section\" data-id=\"22d19db\" data-element_type=\"section\" data-settings=\"{&quot;background_background&quot;:&quot;classic&quot;}\">\n\t\t\t\t\t\t\t<div class=\"elementor-background-overlay\"><\/div>\n\t\t\t\t\t\t\t<div class=\"elementor-container elementor-column-gap-default\">\n\t\t\t\t<div class=\"elementor-row\">\n\t\t\t\t<div class=\"elementor-element elementor-element-3390ab01 elementor-column elementor-col-100 elementor-top-column\" data-id=\"3390ab01\" data-element_type=\"column\">\n\t\t\t<div class=\"elementor-column-wrap  elementor-element-populated\">\n\t\t\t\t\t<div class=\"elementor-widget-wrap\">\n\t\t\t\t<section data-particle_enable=\"false\" data-particle-mobile-disabled=\"false\" class=\"elementor-element elementor-element-d0261df elementor-section-content-middle elementor-section-boxed elementor-section-height-default elementor-section-height-default elementor-section elementor-inner-section\" data-id=\"d0261df\" data-element_type=\"section\">\n\t\t\t\t\t\t<div class=\"elementor-container elementor-column-gap-no\">\n\t\t\t\t<div class=\"elementor-row\">\n\t\t\t\t<div class=\"elementor-element elementor-element-6f6da83c elementor-column elementor-col-50 elementor-inner-column\" data-id=\"6f6da83c\" data-element_type=\"column\">\n\t\t\t<div class=\"elementor-column-wrap  elementor-element-populated\">\n\t\t\t\t\t<div class=\"elementor-widget-wrap\">\n\t\t\t\t<div class=\"elementor-element elementor-element-35c0c73a elementor-widget elementor-widget-image\" data-id=\"35c0c73a\" data-element_type=\"widget\" data-widget_type=\"image.default\">\n\t\t\t\t<div class=\"elementor-widget-container\">\n\t\t\t\t\t<div class=\"elementor-image\">\n\t\t\t\t\t\t\t\t\t\t<img width=\"709\" height=\"330\" src=\"https:\/\/brasileirodigital.com.br\/wp-content\/uploads\/2022\/08\/Captura-de-Tela-2022-08-30-a\u0300s-01.43.37.png\" class=\"attachment-large size-large\" alt=\"marketing m\u00e9dico\" loading=\"lazy\" srcset=\"https:\/\/brasileirodigital.com.br\/wp-content\/uploads\/2022\/08\/Captura-de-Tela-2022-08-30-a\u0300s-01.43.37.png 709w, https:\/\/brasileirodigital.com.br\/wp-content\/uploads\/2022\/08\/Captura-de-Tela-2022-08-30-a\u0300s-01.43.37-300x140.png 300w\" sizes=\"(max-width: 709px) 100vw, 709px\" \/>\t\t\t\t\t\t\t\t\t\t\t<\/div>\n\t\t\t\t<\/div>\n\t\t\t\t<\/div>\n\t\t\t\t\t\t<\/div>\n\t\t\t<\/div>\n\t\t<\/div>\n\t\t\t\t<div class=\"elementor-element elementor-element-791bc1b8 elementor-column elementor-col-50 elementor-inner-column\" data-id=\"791bc1b8\" data-element_type=\"column\">\n\t\t\t<div class=\"elementor-column-wrap  elementor-element-populated\">\n\t\t\t\t\t<div class=\"elementor-widget-wrap\">\n\t\t\t\t<div class=\"elementor-element elementor-element-19432938 elementor-widget elementor-widget-heading\" data-id=\"19432938\" data-element_type=\"widget\" data-widget_type=\"heading.default\">\n\t\t\t\t<div class=\"elementor-widget-container\">\n\t\t\t<h2 class=\"elementor-heading-title elementor-size-default\">Cases de Sucesso<\/h2>\t\t<\/div>\n\t\t\t\t<\/div>\n\t\t\t\t<div class=\"elementor-element elementor-element-776f95ce elementor-widget elementor-widget-text-editor\" data-id=\"776f95ce\" data-element_type=\"widget\" data-widget_type=\"text-editor.default\">\n\t\t\t\t<div class=\"elementor-widget-container\">\n\t\t\t\t\t<div class=\"elementor-text-editor elementor-clearfix\"><p>Portif\u00f3lio de <b>campanhas<\/b> <b>digitais e campanhas f\u00edsicas<\/b>&nbsp;realizadas na \u00e1rea da sa\u00fade, educa\u00e7\u00e3o&#8230;&nbsp;<\/p><\/div>\n\t\t\t\t<\/div>\n\t\t\t\t<\/div>\n\t\t\t\t<div class=\"elementor-element elementor-element-696e264f elementor-tablet-align-center elementor-widget elementor-widget-button\" data-id=\"696e264f\" data-element_type=\"widget\" data-widget_type=\"button.default\">\n\t\t\t\t<div class=\"elementor-widget-container\">\n\t\t\t\t\t<div class=\"elementor-button-wrapper\">\n\t\t\t<a href=\"https:\/\/bit.ly\/brasileirismos\" class=\"elementor-button-link elementor-button elementor-size-md\" role=\"button\">\n\t\t\t\t\t\t<span class=\"elementor-button-content-wrapper\">\n\t\t\t\t\t\t<span class=\"elementor-button-text\">Saiba Mais<\/span>\n\t\t<\/span>\n\t\t\t\t\t<\/a>\n\t\t<\/div>\n\t\t\t\t<\/div>\n\t\t\t\t<\/div>\n\t\t\t\t\t\t<\/div>\n\t\t\t<\/div>\n\t\t<\/div>\n\t\t\t\t\t\t<\/div>\n\t\t\t<\/div>\n\t\t<\/section>\n\t\t\t\t\t\t<\/div>\n\t\t\t<\/div>\n\t\t<\/div>\n\t\t\t\t\t\t<\/div>\n\t\t\t<\/div>\n\t\t<\/section>\n\t\t\t\t<section data-particle_enable=\"false\" data-particle-mobile-disabled=\"false\" class=\"elementor-element elementor-element-5329bbe7 elementor-section-height-min-height elementor-section-content-middle elementor-section-full_width elementor-section-height-default elementor-section-items-middle elementor-section elementor-top-section\" data-id=\"5329bbe7\" data-element_type=\"section\" data-settings=\"{&quot;background_background&quot;:&quot;classic&quot;}\">\n\t\t\t\t\t\t<div class=\"elementor-container elementor-column-gap-no\">\n\t\t\t\t<div class=\"elementor-row\">\n\t\t\t\t<div class=\"elementor-element elementor-element-397c523c elementor-column elementor-col-100 elementor-top-column\" data-id=\"397c523c\" data-element_type=\"column\">\n\t\t\t<div class=\"elementor-column-wrap  elementor-element-populated\">\n\t\t\t\t\t<div class=\"elementor-widget-wrap\">\n\t\t\t\t<div class=\"elementor-element elementor-element-77de0e08 elementor-widget elementor-widget-heading\" data-id=\"77de0e08\" data-element_type=\"widget\" data-widget_type=\"heading.default\">\n\t\t\t\t<div class=\"elementor-widget-container\">\n\t\t\t<p class=\"elementor-heading-title elementor-size-default\">\u00a9 2019-2022 | Rua 3000, Balne\u00e1rio Cambori\u00fa, SC<\/p>\t\t<\/div>\n\t\t\t\t<\/div>\n\t\t\t\t<div class=\"elementor-element elementor-element-1870daa7 elementor-icon-list--layout-inline elementor-tablet-align-center elementor-align-center elementor-widget elementor-widget-icon-list\" data-id=\"1870daa7\" data-element_type=\"widget\" data-widget_type=\"icon-list.default\">\n\t\t\t\t<div class=\"elementor-widget-container\">\n\t\t\t\t\t<ul class=\"elementor-icon-list-items elementor-inline-items\">\n\t\t\t\t\t\t\t<li class=\"elementor-icon-list-item\" >\n\t\t\t\t\t<a href=\"https:\/\/bit.ly\/brasileirismos\">\t\t\t\t\t<span class=\"elementor-icon-list-text\">Clique para agendar uma visita<\/span>\n\t\t\t\t\t\t\t\t\t\t\t<\/a>\n\t\t\t\t\t\t\t\t\t<\/li>\n\t\t\t\t\t\t<\/ul>\n\t\t\t\t<\/div>\n\t\t\t\t<\/div>\n\t\t\t\t\t\t<\/div>\n\t\t\t<\/div>\n\t\t<\/div>\n\t\t\t\t\t\t<\/div>\n\t\t\t<\/div>\n\t\t<\/section>\n\t\t\t\t\t\t<\/div>\n\t\t\t<\/div>\n\t\t<\/div>\n\t\t","protected":false},"excerpt":{"rendered":"<p>Precisa de ajuda para comunicar o servi\u00e7o\/produto que voc\u00ea vende? Servi\u00e7os que oferecemos: #1 Contrate nossos servi\u00e7os de Identidade Digital &amp; Conte\u00fado para m\u00eddias sociais. Fale Conosco. #2 Contrate nosso servi\u00e7o de desenvolvimento digital de produto f\u00edsico e an\u00fancios na internet. Fale conosco. #3 Contrate nosso servi\u00e7o de suporte para suas demandas de marketing e [&hellip;]<\/p>\n","protected":false},"author":1,"featured_media":423,"parent":0,"menu_order":0,"comment_status":"closed","ping_status":"closed","template":"elementor_canvas","meta":[],"yoast_head":"<!-- This site is optimized with the Yoast SEO Premium plugin v15.5 - https:\/\/yoast.com\/wordpress\/plugins\/seo\/ -->\n<title>Brasileiro \u00c9Digital | Marketing &amp; Digital | Balne\u00e1rio Cambori\u00fa | + Branding<\/title>\n<meta name=\"description\" content=\"Ag\u00eancia de Branding e Marketing Digital em Balne\u00e1rio Cambori\u00fa, SC. Mais de 15 anos de experi\u00eancia em marketing.\" \/>\n<meta name=\"robots\" content=\"index, follow, max-snippet:-1, max-image-preview:large, max-video-preview:-1\" \/>\n<link rel=\"canonical\" href=\"http:\/\/brasileirodigital.com.br\/\" \/>\n<meta property=\"og:locale\" content=\"en_US\" \/>\n<meta property=\"og:type\" content=\"article\" \/>\n<meta property=\"og:title\" content=\"Brasileiro \u00c9Digital | Marketing &amp; Digital | Balne\u00e1rio Cambori\u00fa | + Branding\" \/>\n<meta property=\"og:description\" content=\"Ag\u00eancia de Branding e Marketing Digital em Balne\u00e1rio Cambori\u00fa, SC. Mais de 15 anos de experi\u00eancia em marketing.\" \/>\n<meta property=\"og:url\" content=\"http:\/\/brasileirodigital.com.br\/\" \/>\n<meta property=\"og:site_name\" content=\"Brasileiro Digital\" \/>\n<meta property=\"article:modified_time\" content=\"2023-01-26T01:37:33+00:00\" \/>\n<meta property=\"og:image\" content=\"https:\/\/brasileirodigital.com.br\/wp-content\/uploads\/2020\/08\/hutomo-abrianto-X5BWooeO4Cw-unsplash-scaled.jpg\" \/>\n\t<meta property=\"og:image:width\" content=\"1707\" \/>\n\t<meta property=\"og:image:height\" content=\"2560\" \/>\n<meta name=\"twitter:card\" content=\"summary_large_image\" \/>\n<meta name=\"twitter:label1\" content=\"Est. reading time\">\n\t<meta name=\"twitter:data1\" content=\"0 minutes\">\n<script type=\"application\/ld+json\" class=\"yoast-schema-graph\">{\"@context\":\"https:\/\/schema.org\",\"@graph\":[{\"@type\":[\"Organization\",\"Place\",\"LocalBusiness\"],\"@id\":\"https:\/\/brasileirodigital.com.br\/#organization\",\"name\":\"Brasileiro Digital | Ag\\u00eancia de Branding e Marketing Digital\",\"url\":\"https:\/\/brasileirodigital.com.br\/\",\"sameAs\":[],\"logo\":{\"@type\":\"ImageObject\",\"@id\":\"https:\/\/brasileirodigital.com.br\/#logo\",\"inLanguage\":\"en-US\",\"url\":\"https:\/\/brasileirodigital.com.br\/wp-content\/uploads\/2020\/08\/Asset-1@3x.png\",\"width\":423,\"height\":185,\"caption\":\"Brasileiro Digital | Ag\\u00eancia de Branding e Marketing Digital\"},\"image\":{\"@id\":\"https:\/\/brasileirodigital.com.br\/#logo\"},\"location\":{\"@id\":\"http:\/\/brasileirodigital.com.br\/#local-place\"},\"address\":{\"@id\":\"http:\/\/brasileirodigital.com.br\/#local-place-address\"},\"areaServed\":\"Brasil\",\"priceRange\":\"$$$\",\"currenciesAccepted\":\"R$\",\"paymentAccepted\":\"Aceita Cart\\u00f5es\"},{\"@type\":\"WebSite\",\"@id\":\"https:\/\/brasileirodigital.com.br\/#website\",\"url\":\"https:\/\/brasileirodigital.com.br\/\",\"name\":\"Brasileiro Digital\",\"description\":\"Brasileirismo\",\"publisher\":{\"@id\":\"https:\/\/brasileirodigital.com.br\/#organization\"},\"potentialAction\":[{\"@type\":\"SearchAction\",\"target\":\"https:\/\/brasileirodigital.com.br\/?s={search_term_string}\",\"query-input\":\"required name=search_term_string\"}],\"inLanguage\":\"en-US\"},{\"@type\":\"ImageObject\",\"@id\":\"http:\/\/brasileirodigital.com.br\/#primaryimage\",\"inLanguage\":\"en-US\",\"url\":\"https:\/\/brasileirodigital.com.br\/wp-content\/uploads\/2021\/05\/consultoria-marketing-bc.png\",\"width\":1534,\"height\":556,\"caption\":\"consultoria marketing balneario cambori\\u00fa\"},{\"@type\":\"WebPage\",\"@id\":\"http:\/\/brasileirodigital.com.br\/#webpage\",\"url\":\"http:\/\/brasileirodigital.com.br\/\",\"name\":\"Brasileiro \\u00c9Digital | Marketing & Digital | Balne\\u00e1rio Cambori\\u00fa | + Branding\",\"isPartOf\":{\"@id\":\"https:\/\/brasileirodigital.com.br\/#website\"},\"primaryImageOfPage\":{\"@id\":\"http:\/\/brasileirodigital.com.br\/#primaryimage\"},\"datePublished\":\"2020-08-03T19:56:37+00:00\",\"dateModified\":\"2023-01-26T01:37:33+00:00\",\"description\":\"Ag\\u00eancia de Branding e Marketing Digital em Balne\\u00e1rio Cambori\\u00fa, SC. Mais de 15 anos de experi\\u00eancia em marketing.\",\"inLanguage\":\"en-US\",\"potentialAction\":[{\"@type\":\"ReadAction\",\"target\":[\"http:\/\/brasileirodigital.com.br\/\"]}]},{\"@type\":\"Place\",\"@id\":\"http:\/\/brasileirodigital.com.br\/#local-place\",\"address\":{\"@type\":\"PostalAddress\",\"@id\":\"http:\/\/brasileirodigital.com.br\/#local-place-address\",\"streetAddress\":\"Av Brasil Rua 3000\",\"addressLocality\":\"\",\"postalCode\":\"88330332\",\"addressRegion\":\"\",\"addressCountry\":\"BR\"},\"geo\":{\"@type\":\"GeoCoordinates\",\"latitude\":\"\",\"longitude\":\"\"},\"openingHoursSpecification\":[{\"@type\":\"OpeningHoursSpecification\",\"dayOfWeek\":[\"Sunday\",\"Monday\",\"Tuesday\",\"Wednesday\",\"Thursday\",\"Friday\",\"Saturday\"],\"opens\":\"09:00\",\"closes\":\"17:00\"}]}]}<\/script>\n<meta name=\"geo.region\" content=\"Brazil\" \/>\n<!-- \/ Yoast SEO Premium plugin. -->","_links":{"self":[{"href":"https:\/\/brasileirodigital.com.br\/index.php?rest_route=\/wp\/v2\/pages\/11"}],"collection":[{"href":"https:\/\/brasileirodigital.com.br\/index.php?rest_route=\/wp\/v2\/pages"}],"about":[{"href":"https:\/\/brasileirodigital.com.br\/index.php?rest_route=\/wp\/v2\/types\/page"}],"author":[{"embeddable":true,"href":"https:\/\/brasileirodigital.com.br\/index.php?rest_route=\/wp\/v2\/users\/1"}],"replies":[{"embeddable":true,"href":"https:\/\/brasileirodigital.com.br\/index.php?rest_route=%2Fwp%2Fv2%2Fcomments&post=11"}],"version-history":[{"count":288,"href":"https:\/\/brasileirodigital.com.br\/index.php?rest_route=\/wp\/v2\/pages\/11\/revisions"}],"predecessor-version":[{"id":688,"href":"https:\/\/brasileirodigital.com.br\/index.php?rest_route=\/wp\/v2\/pages\/11\/revisions\/688"}],"wp:featuredmedia":[{"embeddable":true,"href":"https:\/\/brasileirodigital.com.br\/index.php?rest_route=\/wp\/v2\/media\/423"}],"wp:attachment":[{"href":"https:\/\/brasileirodigital.com.br\/index.php?rest_route=%2Fwp%2Fv2%2Fmedia&parent=11"}],"curies":[{"name":"wp","href":"https:\/\/api.w.org\/{rel}","templated":true}]}}